{"id":1349,"date":"2023-05-29T12:35:19","date_gmt":"2023-05-29T12:35:19","guid":{"rendered":"https:\/\/lokalco.se\/listings\/"},"modified":"2023-08-11T07:00:23","modified_gmt":"2023-08-11T05:00:23","slug":"search-premises","status":"publish","type":"page","link":"https:\/\/lokalco.se\/en\/search-premises\/","title":{"rendered":"Search Premises"},"content":{"rendered":"\t\t<div data-elementor-type=\"wp-page\" data-elementor-id=\"1349\" class=\"elementor elementor-1349\">\n\t\t\t\t\t\t<section class=\"elementor-section elementor-top-section elementor-element elementor-element-2b331023 elementor-section-boxed elementor-section-height-default elementor-section-height-default\" data-id=\"2b331023\" data-element_type=\"section\" data-settings=\"{&quot;background_background&quot;:&quot;classic&quot;}\">\n\t\t\t\t\t\t\t<div class=\"elementor-background-overlay\"><\/div>\n\t\t\t\t\t\t\t<div class=\"elementor-container elementor-column-gap-default\">\n\t\t\t\t\t<div class=\"elementor-column elementor-col-100 elementor-top-column elementor-element elementor-element-34fdf3d7\" data-id=\"34fdf3d7\" data-element_type=\"column\">\n\t\t\t<div class=\"elementor-widget-wrap elementor-element-populated\">\n\t\t\t\t\t\t<div class=\"elementor-element elementor-element-689d7916 elementor-widget elementor-widget-heading\" data-id=\"689d7916\" data-element_type=\"widget\" data-widget_type=\"heading.default\">\n\t\t\t\t<div class=\"elementor-widget-container\">\n\t\t\t<style>\/*! elementor - v3.20.0 - 20-03-2024 *\/\n.elementor-heading-title{padding:0;margin:0;line-height:1}.elementor-widget-heading .elementor-heading-title[class*=elementor-size-]>a{color:inherit;font-size:inherit;line-height:inherit}.elementor-widget-heading .elementor-heading-title.elementor-size-small{font-size:15px}.elementor-widget-heading .elementor-heading-title.elementor-size-medium{font-size:19px}.elementor-widget-heading .elementor-heading-title.elementor-size-large{font-size:29px}.elementor-widget-heading .elementor-heading-title.elementor-size-xl{font-size:39px}.elementor-widget-heading .elementor-heading-title.elementor-size-xxl{font-size:59px}<\/style><h1 class=\"elementor-heading-title elementor-size-default\">Search premises and real state<\/h1>\t\t<\/div>\n\t\t\t\t<\/div>\n\t\t\t\t<div class=\"elementor-element elementor-element-2cb4a327 elementor-widget__width-auto elementor-absolute elementor-view-default elementor-invisible elementor-widget elementor-widget-icon\" data-id=\"2cb4a327\" data-element_type=\"widget\" data-settings=\"{&quot;_position&quot;:&quot;absolute&quot;,&quot;_animation&quot;:&quot;flash&quot;}\" data-widget_type=\"icon.default\">\n\t\t\t\t<div class=\"elementor-widget-container\">\n\t\t\t\t\t<div class=\"elementor-icon-wrapper\">\n\t\t\t<a class=\"elementor-icon\" href=\"#\">\n\t\t\t<svg xmlns=\"http:\/\/www.w3.org\/2000\/svg\" width=\"28\" height=\"30\" viewBox=\"0 0 28 30\" fill=\"none\"><path fill-rule=\"evenodd\" clip-rule=\"evenodd\" d=\"M14 -1.75C14.9665 -1.75 15.75 -0.96649 15.75 1.19209e-07V23.7752L25.0126 14.5126C25.696 13.8292 26.8041 13.8292 27.4874 14.5126C28.1708 15.196 28.1708 16.3041 27.4874 16.9874L15.2374 29.2374C14.5541 29.9208 13.446 29.9208 12.7626 29.2374L0.512558 16.9874C-0.170852 16.3041 -0.170852 15.196 0.512558 14.5126C1.19599 13.8292 2.30401 13.8292 2.98744 14.5126L12.25 23.7752V1.19209e-07C12.25 -0.96649 13.0335 -1.75 14 -1.75Z\" fill=\"#F7F2EE\"><\/path><\/svg>\t\t\t<\/a>\n\t\t<\/div>\n\t\t\t\t<\/div>\n\t\t\t\t<\/div>\n\t\t\t\t\t<\/div>\n\t\t<\/div>\n\t\t\t\t\t<\/div>\n\t\t<\/section>\n\t\t\t\t<section class=\"elementor-section elementor-top-section elementor-element elementor-element-1334d8cb elementor-section-boxed elementor-section-height-default elementor-section-height-default\" data-id=\"1334d8cb\" data-element_type=\"section\">\n\t\t\t\t\t\t<div class=\"elementor-container elementor-column-gap-default\">\n\t\t\t\t\t<div class=\"elementor-column elementor-col-100 elementor-top-column elementor-element elementor-element-75b039f2\" data-id=\"75b039f2\" data-element_type=\"column\">\n\t\t\t<div class=\"elementor-widget-wrap elementor-element-populated\">\n\t\t\t\t\t\t<div class=\"elementor-element elementor-element-356521e0 elementor-widget elementor-widget-heading\" data-id=\"356521e0\" data-element_type=\"widget\" data-widget_type=\"heading.default\">\n\t\t\t\t<div class=\"elementor-widget-container\">\n\t\t\t<h2 class=\"elementor-heading-title elementor-size-default\">Welcome to our market place for available premises<\/h2>\t\t<\/div>\n\t\t\t\t<\/div>\n\t\t\t\t<section class=\"elementor-section elementor-inner-section elementor-element elementor-element-4a1c9578 elementor-section-boxed elementor-section-height-default elementor-section-height-default\" data-id=\"4a1c9578\" data-element_type=\"section\">\n\t\t\t\t\t\t<div class=\"elementor-container elementor-column-gap-default\">\n\t\t\t\t\t<div class=\"elementor-column elementor-col-50 elementor-inner-column elementor-element elementor-element-14a320f5\" data-id=\"14a320f5\" data-element_type=\"column\">\n\t\t\t<div class=\"elementor-widget-wrap elementor-element-populated\">\n\t\t\t\t\t\t<div class=\"elementor-element elementor-element-338803e elementor-widget elementor-widget-shortcode\" data-id=\"338803e\" data-element_type=\"widget\" id=\"search_sec\" data-widget_type=\"shortcode.default\">\n\t\t\t\t<div class=\"elementor-widget-container\">\n\t\t\t\t\t<div class=\"elementor-shortcode\">\n<div class=\"acadp acadp-search acadp-search-vertical\">\n\t<form action=\"https:\/\/lokalco.se\/en\/search-listings\/\" class=\"form-vertical\" role=\"form\">\n    \t        \n                \n    \t<div class=\"form-group\">\n\t\t\t<input type=\"text\" name=\"q\" class=\"form-control\" placeholder=\"Enter street, project name...\" aria-label=\"Enter street, project name\" value=\"\">\n\t\t<\/div>        \n        \n                 \t<!-- Location field -->\n\t\t\t<div class=\"form-group\">\n            \t<label>City and district<\/label>\n\t\t\t\t<div class=\"acadp-terms\"><input type=\"hidden\" name=\"l\" class=\"acadp-term-hidden\" value=\"-1\" \/><select class=\"form-control\" data-taxonomy=\"acadp_locations\" data-parent=\"0\"><option value=\"-1\">-- Choose city and district --<\/option><option value=\"36\">Gothenburg<\/option><option value=\"67\">J\u00f6nk\u00f6ping<\/option><option value=\"60\">Malm\u00f6<\/option><option value=\"202\">\u00d6rebro<\/option><option value=\"68\">Other Sweden<\/option><option value=\"66\">Stockholm<\/option><\/select><\/div>\t\t\t<\/div>\n                \n                \n\n                \t <!-- Custom fields -->\n       \t\t<div id=\"acadp-custom-fields-search-1150542778\" class=\"acadp-custom-fields-search\" data-style=\"vertical\">\n  \t\t\t\t\n    \t<div class=\"form-group\">\n    \t\t<label>Type of object<\/label>\n\n\t\t\t \n            \n            <div class=\"checkbox\"><label><input type=\"checkbox\" name=\"cf[1998][0]\" value=\"Retail\"><span class=\"top_name\">Retail<\/span><\/label><\/div><div class=\"checkbox\"><label><input type=\"checkbox\" name=\"cf[1998][1]\" value=\"Gym\"><span class=\"top_name\">Gym<\/span><\/label><\/div><div class=\"checkbox\"><label><input type=\"checkbox\" name=\"cf[1998][2]\" value=\"Industry \/ Production\"><span class=\"top_name\">Industry \/ Production<\/span><\/label><\/div><div class=\"checkbox\"><label><input type=\"checkbox\" name=\"cf[1998][3]\" value=\"Combined\"><span class=\"top_name\">Combined<\/span><\/label><\/div><div class=\"checkbox\"><label><input type=\"checkbox\" name=\"cf[1998][4]\" value=\"Office\"><span class=\"top_name\">Office<\/span><\/label><\/div><div class=\"checkbox\"><label><input type=\"checkbox\" name=\"cf[1998][5]\" value=\"Serviced office space \/ Coworking\"><span class=\"top_name\">Serviced office space \/ Coworking<\/span><\/label><\/div><div class=\"checkbox\"><label><input type=\"checkbox\" name=\"cf[1998][6]\" value=\"Warehouse \/ Logistics\"><span class=\"top_name\">Warehouse \/ Logistics<\/span><\/label><\/div><div class=\"checkbox\"><label><input type=\"checkbox\" name=\"cf[1998][7]\" value=\"Showroom \/ Pop-up\"><span class=\"top_name\">Showroom \/ Pop-up<\/span><\/label><\/div><div class=\"checkbox\"><label><input type=\"checkbox\" name=\"cf[1998][8]\" value=\"Education\"><span class=\"top_name\">Education<\/span><\/label><\/div><div class=\"checkbox\"><label><input type=\"checkbox\" name=\"cf[1998][9]\" value=\"Care \/ Nursing\"><span class=\"top_name\">Care \/ Nursing<\/span><\/label><\/div><div class=\"checkbox\"><label><input type=\"checkbox\" name=\"cf[1998][10]\" value=\"Corporate housing \/ Co-living\"><span class=\"top_name\">Corporate housing \/ Co-living<\/span><\/label><\/div><div class=\"checkbox\"><label><input type=\"checkbox\" name=\"cf[1998][11]\" value=\"Restaurant\"><span class=\"top_name\">Restaurant<\/span><\/label><\/div><div class=\"checkbox\"><label><input type=\"checkbox\" name=\"cf[1998][12]\" value=\"Caf\u00e9\"><span class=\"top_name\">Caf\u00e9<\/span><\/label><\/div><div class=\"checkbox\"><label><input type=\"checkbox\" name=\"cf[1998][13]\" value=\"Car service\"><span class=\"top_name\">Car service<\/span><\/label><\/div>           \n    \t<\/div>\n\t    \t<div class=\"form-group\">\n    \t\t<label>Size (m&sup2;)<\/label>\n\n\t\t\t \n            \n            <div class=\"row\"><div class=\"col-md-6 col-xs-6\"><input type=\"number\" name=\"cf[1414][0]\" class=\"form-control\" placeholder=\"min\" value=\"\" min=\"1\" max=\"200000\"\/><\/div><div class=\"col-md-6 col-xs-6\"><input type=\"number\" name=\"cf[1414][1]\" class=\"form-control\" placeholder=\"max\" value=\"\" min=\"1\" max=\"200000\"\/><\/div><\/div>           \n    \t<\/div>\n\t\t\t\t<\/div>\n                \n        \n        \t\t\n        <!-- Action buttons -->\n\t\t<button type=\"submit\" class=\"btn btn-primary\">Search<\/button>\n\t\t<a href=\"https:\/\/lokalco.se\/en\/?acadp_fields=storlek\" class=\"btn btn-default\">Reset<\/a>\n    <\/form>\n<\/div><\/div>\n\t\t\t\t<\/div>\n\t\t\t\t<\/div>\n\t\t\t\t<div class=\"elementor-element elementor-element-70f9f83 elementor-hidden-widescreen elementor-hidden-desktop elementor-hidden-tablet elementor-hidden-mobile elementor-widget elementor-widget-shortcode\" data-id=\"70f9f83\" data-element_type=\"widget\" data-widget_type=\"shortcode.default\">\n\t\t\t\t<div class=\"elementor-widget-container\">\n\t\t\t\t\t<div class=\"elementor-shortcode\">[save_as_pdf_pdfcrowd]<\/div>\n\t\t\t\t<\/div>\n\t\t\t\t<\/div>\n\t\t\t\t\t<\/div>\n\t\t<\/div>\n\t\t\t\t<div class=\"elementor-column elementor-col-50 elementor-inner-column elementor-element elementor-element-33f61166\" data-id=\"33f61166\" data-element_type=\"column\">\n\t\t\t<div class=\"elementor-widget-wrap elementor-element-populated\">\n\t\t\t\t\t\t<div class=\"elementor-element elementor-element-4cd46353 sale_properties elementor-widget elementor-widget-shortcode\" data-id=\"4cd46353\" data-element_type=\"widget\" data-widget_type=\"shortcode.default\">\n\t\t\t\t<div class=\"elementor-widget-container\">\n\t\t\t\t\t<div class=\"elementor-shortcode\">\n<div class=\"acadp acadp-listings acadp-grid-view grid-main-ct\">\n\t\t\t<!-- header here -->\n                \n    \t<div class=\"row acadp-no-margin\">\n            <form action=\"https:\/\/lokalco.se\/en\/?acadp_fields=storlek\" method=\"POST\" class=\"form-inline\">\n                <div class=\"btn-toolbar\" role=\"toolbar\">\n                                            <!-- total items count -->\n                        <p class=\"btn-group pull-left text-muted acadp-xs-clear-float\">\n                            3 premise(s) found                        <\/p>\n                                \n                                            <!-- Orderby dropdown -->\n                        <div class=\"btn-group pull-right acadp-xs-clear-float\" role=\"group\">\n                            <div class=\"form-group\">\n                                <select name=\"sort\" class=\"form-control\" onchange=\"this.form.action=this.value; this.form.submit();\">\n                                    <option value=\"\/en\/wp-json\/wp\/v2\/pages\/1349?sort=date-desc\">-- Sort by --<\/option><option value=\"\/en\/wp-json\/wp\/v2\/pages\/1349?sort=title-asc\" >A to Z (title)<\/option><option value=\"\/en\/wp-json\/wp\/v2\/pages\/1349?sort=title-desc\" >Z to A (title)<\/option><option value=\"\/en\/wp-json\/wp\/v2\/pages\/1349?sort=date-desc\"  selected='selected'>Recently added (latest)<\/option><option value=\"\/en\/wp-json\/wp\/v2\/pages\/1349?sort=date-asc\" >Date added (oldest)<\/option>                                <\/select>\n                            <\/div>\n                        <\/div>\n                                        \n                                            <!-- Views dropdown -->\n                        <div class=\"btn-group pull-right acadp-xs-clear-float\" role=\"group\">\n                            <div class=\"form-group\">\n                                <select name=\"view\" class=\"form-control\" onchange=\"this.form.action=this.value; this.form.submit();\">\n                                    <option value=\"\/en\/wp-json\/wp\/v2\/pages\/1349?view=grid\">-- View as --<\/option><option value=\"\/en\/wp-json\/wp\/v2\/pages\/1349?view=list\" >List<\/option><option value=\"\/en\/wp-json\/wp\/v2\/pages\/1349?view=grid\"  selected='selected'>Grid<\/option><option value=\"\/en\/wp-json\/wp\/v2\/pages\/1349?view=map\" >Map<\/option>                                <\/select>\n                            <\/div>\n                        <\/div>\n                                       \n                <\/div>\n            <\/form>\n\t\t<\/div>\n        \n\t<div class=\"acadp-divider\"><\/div>\n    \n\t<!-- the loop -->\n    <div class=\"acadp-body\">\n\t\t    \n                            <div class=\"row\">\n                        \n                <div class=\"col-md-4\">\n                    <div class=\"thumbnail acadp-entry\">\n                                                    <a href=\"https:\/\/lokalco.se\/en\/acadp_listings\/park-astorp-helsingborg\/\" class=\"acadp-responsive-container\"><img decoding=\"async\" src=\"https:\/\/lokalco.se\/wp-content\/uploads\/2024\/02\/image9-800x600.png\" alt=\"\" \/><\/a>      \t\n                                        \n                        <div class=\"caption\">\n                            <div class=\"acadp-listings-title-block\">\n                                <h3 class=\"acadp-no-margin\"><a href=\"https:\/\/lokalco.se\/en\/acadp_listings\/park-astorp-helsingborg\/\">Park \u00c5storp, Helsingborg<\/a><\/h3>\n                            <\/div>\n                            \n                            <p class=\"acadp-no-margin\"><small class=\"text-muted\"><\/small><\/p>                                <p class=\"acadp-listings-desc\">Park \u00c5storp, Helsingborg Lorem Ipsum is simply dummy text...<\/p>\n                                                            <ul class=\"list-group acadp-margin-bottom\">\n                                     \n                                                            \n                                                                    <\/ul>\n                            <p class=\"acadp-no-margin\"><small><span class=\"glyphicon glyphicon-map-marker\"><\/span>\u00a0Other Sweden \/ <span class=\"label label-success\">Popular<\/span><\/small><\/p>                            \n                                                    <\/div>\n                    <\/div>\n                <\/div>\n                \n                               \n            \n                        \n                <div class=\"col-md-4\">\n                    <div class=\"thumbnail acadp-entry\">\n                                                    <a href=\"https:\/\/lokalco.se\/en\/acadp_listings\/solasen-jonkoping\/\" class=\"acadp-responsive-container\"><img decoding=\"async\" src=\"https:\/\/lokalco.se\/wp-content\/uploads\/2024\/02\/image18-800x362.png\" alt=\"\" \/><\/a>      \t\n                                        \n                        <div class=\"caption\">\n                            <div class=\"acadp-listings-title-block\">\n                                <h3 class=\"acadp-no-margin\"><a href=\"https:\/\/lokalco.se\/en\/acadp_listings\/solasen-jonkoping\/\">Sol\u00e5sen, J\u00f6nk\u00f6ping<\/a><\/h3>\n                            <\/div>\n                            \n                            <p class=\"acadp-no-margin\"><small class=\"text-muted\"><\/small><\/p>                                <p class=\"acadp-listings-desc\">Sol\u00e5sen, J\u00f6nk\u00f6ping Lorem Ipsum is simply dummy text of...<\/p>\n                                                            <ul class=\"list-group acadp-margin-bottom\">\n                                     \n                                                            \n                                                                    <\/ul>\n                            <p class=\"acadp-no-margin\"><small><span class=\"glyphicon glyphicon-map-marker\"><\/span>\u00a0J\u00f6nk\u00f6ping \/ <span class=\"label label-success\">Popular<\/span><\/small><\/p>                            \n                                                    <\/div>\n                    <\/div>\n                <\/div>\n                \n                               \n            \n                        \n                <div class=\"col-md-4\">\n                    <div class=\"thumbnail acadp-entry\">\n                                                    <a href=\"https:\/\/lokalco.se\/en\/acadp_listings\/south-ljungarum-jonkoping\/\" class=\"acadp-responsive-container\"><img decoding=\"async\" src=\"https:\/\/lokalco.se\/wp-content\/uploads\/2024\/02\/image17.png\" alt=\"\" \/><\/a>      \t\n                                        \n                        <div class=\"caption\">\n                            <div class=\"acadp-listings-title-block\">\n                                <h3 class=\"acadp-no-margin\"><a href=\"https:\/\/lokalco.se\/en\/acadp_listings\/south-ljungarum-jonkoping\/\">South Ljungarum, J\u00f6nk\u00f6ping<\/a><\/h3>\n                            <\/div>\n                            \n                            <p class=\"acadp-no-margin\"><small class=\"text-muted\"><\/small><\/p>                                <p class=\"acadp-listings-desc\">South Ljungarum, J\u00f6nk\u00f6ping Lorem Ipsum is simply dummy text...<\/p>\n                                                            <ul class=\"list-group acadp-margin-bottom\">\n                                     \n                                                            \n                                                                    <\/ul>\n                            <p class=\"acadp-no-margin\"><small><span class=\"glyphicon glyphicon-map-marker\"><\/span>\u00a0Ljungarum \/ <span class=\"label label-success\">Popular<\/span><\/small><\/p>                            \n                                                    <\/div>\n                    <\/div>\n                <\/div>\n                \n                            <\/div>\n                               \n            <\/div>\n    <!-- end of the loop -->\n    \n    <!-- use reset postdata to restore orginal query -->\n        \n    <!-- pagination here -->\n    <\/div>\n\n<div class=\"acadp-social\"><a class=\"acadp-social-link acadp-social-facebook\" href=\"https:\/\/www.facebook.com\/sharer\/sharer.php?u=https:\/\/lokalco.se\/en\/wp-json\/wp\/v2\/pages\/1349\/\" target=\"_blank\">Facebook<\/a> <a class=\"acadp-social-link acadp-social-twitter\" href=\"https:\/\/twitter.com\/intent\/tweet?text=South%20Ljungarum,%20J\u00f6nk\u00f6ping&amp;url=https:\/\/lokalco.se\/en\/wp-json\/wp\/v2\/pages\/1349\/\" target=\"_blank\">Twitter<\/a> <a class=\"acadp-social-link acadp-social-linkedin\" href=\"https:\/\/www.linkedin.com\/shareArticle?url=https:\/\/lokalco.se\/en\/wp-json\/wp\/v2\/pages\/1349\/&amp;title=South%20Ljungarum,%20J\u00f6nk\u00f6ping\" target=\"_blank\">Linkedin<\/a> <a class=\"acadp-social-link acadp-social-pinterest\" href=\"https:\/\/pinterest.com\/pin\/create\/button\/?url=https:\/\/lokalco.se\/en\/wp-json\/wp\/v2\/pages\/1349\/&amp;media=https:\/\/lokalco.se\/wp-content\/uploads\/2024\/02\/image17.png&amp;description=South%20Ljungarum,%20J\u00f6nk\u00f6ping\" target=\"_blank\">Pin It<\/a> <a class=\"acadp-social-link acadp-social-whatsapp\" href=\"https:\/\/api.whatsapp.com\/send?text=South%20Ljungarum,%20J\u00f6nk\u00f6ping&nbsp;https:\/\/lokalco.se\/en\/wp-json\/wp\/v2\/pages\/1349\/\" target=\"_blank\" data-text=\"South%20Ljungarum,%20J\u00f6nk\u00f6ping\" data-link=\"https:\/\/lokalco.se\/en\/wp-json\/wp\/v2\/pages\/1349\/\">WhatsApp<\/a><\/div> <\/div>\n\t\t\t\t<\/div>\n\t\t\t\t<\/div>\n\t\t\t\t\t<\/div>\n\t\t<\/div>\n\t\t\t\t\t<\/div>\n\t\t<\/section>\n\t\t\t\t\t<\/div>\n\t\t<\/div>\n\t\t\t\t\t<\/div>\n\t\t<\/section>\n\t\t\t\t<\/div>\n\t\t","protected":false},"excerpt":{"rendered":"<p>Search premises and real state Welcome to our market place for available premises [save_as_pdf_pdfcrowd]<\/p>\n","protected":false},"author":1,"featured_media":0,"parent":0,"menu_order":0,"comment_status":"closed","ping_status":"closed","template":"elementor_header_footer","meta":{"footnotes":""},"class_list":["post-1349","page","type-page","status-publish","hentry"],"yoast_head":"<!-- This site is optimized with the Yoast SEO plugin v22.3 - https:\/\/yoast.com\/wordpress\/plugins\/seo\/ -->\n<title>Search Premises - Lokal &amp; Co<\/title>\n<meta name=\"robots\" content=\"index, follow, max-snippet:-1, max-image-preview:large, max-video-preview:-1\" \/>\n<link rel=\"canonical\" href=\"https:\/\/lokalco.se\/search-premises\/\" \/>\n<meta property=\"og:locale\" content=\"en_US\" \/>\n<meta property=\"og:type\" content=\"article\" \/>\n<meta property=\"og:title\" content=\"Search Premises - Lokal &amp; Co\" \/>\n<meta property=\"og:description\" content=\"Search premises and real state Welcome to our market place for available premises [save_as_pdf_pdfcrowd]\" \/>\n<meta property=\"og:url\" content=\"https:\/\/lokalco.se\/search-premises\/\" \/>\n<meta property=\"og:site_name\" content=\"Lokal &amp; Co\" \/>\n<meta property=\"article:modified_time\" content=\"2023-08-11T05:00:23+00:00\" \/>\n<meta name=\"twitter:card\" content=\"summary_large_image\" \/>\n<meta name=\"twitter:label1\" content=\"Est. reading time\" \/>\n\t<meta name=\"twitter:data1\" content=\"5 minutes\" \/>\n<script type=\"application\/ld+json\" class=\"yoast-schema-graph\">{\"@context\":\"https:\/\/schema.org\",\"@graph\":[{\"@type\":\"WebPage\",\"@id\":\"https:\/\/lokalco.se\/search-premises\/\",\"url\":\"https:\/\/lokalco.se\/search-premises\/\",\"name\":\"Search Premises - Lokal &amp; Co\",\"isPartOf\":{\"@id\":\"https:\/\/lokalco.se\/#website\"},\"datePublished\":\"2023-05-29T12:35:19+00:00\",\"dateModified\":\"2023-08-11T05:00:23+00:00\",\"breadcrumb\":{\"@id\":\"https:\/\/lokalco.se\/search-premises\/#breadcrumb\"},\"inLanguage\":\"en-US\",\"potentialAction\":[{\"@type\":\"ReadAction\",\"target\":[\"https:\/\/lokalco.se\/search-premises\/\"]}]},{\"@type\":\"BreadcrumbList\",\"@id\":\"https:\/\/lokalco.se\/search-premises\/#breadcrumb\",\"itemListElement\":[{\"@type\":\"ListItem\",\"position\":1,\"name\":\"Home\",\"item\":\"https:\/\/lokalco.se\/\"},{\"@type\":\"ListItem\",\"position\":2,\"name\":\"Search Premises\"}]},{\"@type\":\"WebSite\",\"@id\":\"https:\/\/lokalco.se\/#website\",\"url\":\"https:\/\/lokalco.se\/\",\"name\":\"Lokal &amp; Co\",\"description\":\"\",\"publisher\":{\"@id\":\"https:\/\/lokalco.se\/#organization\"},\"potentialAction\":[{\"@type\":\"SearchAction\",\"target\":{\"@type\":\"EntryPoint\",\"urlTemplate\":\"https:\/\/lokalco.se\/?s={search_term_string}\"},\"query-input\":\"required name=search_term_string\"}],\"inLanguage\":\"en-US\"},{\"@type\":\"Organization\",\"@id\":\"https:\/\/lokalco.se\/#organization\",\"name\":\"Lokal &amp; Co\",\"url\":\"https:\/\/lokalco.se\/\",\"logo\":{\"@type\":\"ImageObject\",\"inLanguage\":\"en-US\",\"@id\":\"https:\/\/lokalco.se\/#\/schema\/logo\/image\/\",\"url\":\"https:\/\/lokalco.se\/wp-content\/uploads\/2023\/04\/lokal_logo.png\",\"contentUrl\":\"https:\/\/lokalco.se\/wp-content\/uploads\/2023\/04\/lokal_logo.png\",\"width\":477,\"height\":291,\"caption\":\"Lokal &amp; Co\"},\"image\":{\"@id\":\"https:\/\/lokalco.se\/#\/schema\/logo\/image\/\"}}]}<\/script>\n<!-- \/ Yoast SEO plugin. -->","yoast_head_json":{"title":"Search Premises - Lokal &amp; Co","robots":{"index":"index","follow":"follow","max-snippet":"max-snippet:-1","max-image-preview":"max-image-preview:large","max-video-preview":"max-video-preview:-1"},"canonical":"https:\/\/lokalco.se\/search-premises\/","og_locale":"en_US","og_type":"article","og_title":"Search Premises - Lokal &amp; Co","og_description":"Search premises and real state Welcome to our market place for available premises [save_as_pdf_pdfcrowd]","og_url":"https:\/\/lokalco.se\/search-premises\/","og_site_name":"Lokal &amp; Co","article_modified_time":"2023-08-11T05:00:23+00:00","twitter_card":"summary_large_image","twitter_misc":{"Est. reading time":"5 minutes"},"schema":{"@context":"https:\/\/schema.org","@graph":[{"@type":"WebPage","@id":"https:\/\/lokalco.se\/search-premises\/","url":"https:\/\/lokalco.se\/search-premises\/","name":"Search Premises - Lokal &amp; Co","isPartOf":{"@id":"https:\/\/lokalco.se\/#website"},"datePublished":"2023-05-29T12:35:19+00:00","dateModified":"2023-08-11T05:00:23+00:00","breadcrumb":{"@id":"https:\/\/lokalco.se\/search-premises\/#breadcrumb"},"inLanguage":"en-US","potentialAction":[{"@type":"ReadAction","target":["https:\/\/lokalco.se\/search-premises\/"]}]},{"@type":"BreadcrumbList","@id":"https:\/\/lokalco.se\/search-premises\/#breadcrumb","itemListElement":[{"@type":"ListItem","position":1,"name":"Home","item":"https:\/\/lokalco.se\/"},{"@type":"ListItem","position":2,"name":"Search Premises"}]},{"@type":"WebSite","@id":"https:\/\/lokalco.se\/#website","url":"https:\/\/lokalco.se\/","name":"Lokal &amp; Co","description":"","publisher":{"@id":"https:\/\/lokalco.se\/#organization"},"potentialAction":[{"@type":"SearchAction","target":{"@type":"EntryPoint","urlTemplate":"https:\/\/lokalco.se\/?s={search_term_string}"},"query-input":"required name=search_term_string"}],"inLanguage":"en-US"},{"@type":"Organization","@id":"https:\/\/lokalco.se\/#organization","name":"Lokal &amp; Co","url":"https:\/\/lokalco.se\/","logo":{"@type":"ImageObject","inLanguage":"en-US","@id":"https:\/\/lokalco.se\/#\/schema\/logo\/image\/","url":"https:\/\/lokalco.se\/wp-content\/uploads\/2023\/04\/lokal_logo.png","contentUrl":"https:\/\/lokalco.se\/wp-content\/uploads\/2023\/04\/lokal_logo.png","width":477,"height":291,"caption":"Lokal &amp; Co"},"image":{"@id":"https:\/\/lokalco.se\/#\/schema\/logo\/image\/"}}]}},"_links":{"self":[{"href":"https:\/\/lokalco.se\/en\/wp-json\/wp\/v2\/pages\/1349","targetHints":{"allow":["GET"]}}],"collection":[{"href":"https:\/\/lokalco.se\/en\/wp-json\/wp\/v2\/pages"}],"about":[{"href":"https:\/\/lokalco.se\/en\/wp-json\/wp\/v2\/types\/page"}],"author":[{"embeddable":true,"href":"https:\/\/lokalco.se\/en\/wp-json\/wp\/v2\/users\/1"}],"replies":[{"embeddable":true,"href":"https:\/\/lokalco.se\/en\/wp-json\/wp\/v2\/comments?post=1349"}],"version-history":[{"count":120,"href":"https:\/\/lokalco.se\/en\/wp-json\/wp\/v2\/pages\/1349\/revisions"}],"predecessor-version":[{"id":4932,"href":"https:\/\/lokalco.se\/en\/wp-json\/wp\/v2\/pages\/1349\/revisions\/4932"}],"wp:attachment":[{"href":"https:\/\/lokalco.se\/en\/wp-json\/wp\/v2\/media?parent=1349"}],"curies":[{"name":"wp","href":"https:\/\/api.w.org\/{rel}","templated":true}]}}