{"id":1891,"date":"2023-06-08T09:42:21","date_gmt":"2023-06-08T09:42:21","guid":{"rendered":"https:\/\/lokalco.se\/?page_id=1891"},"modified":"2023-10-02T23:40:15","modified_gmt":"2023-10-02T21:40:15","slug":"current_clients","status":"publish","type":"page","link":"https:\/\/lokalco.se\/en\/current_clients\/","title":{"rendered":"Clients"},"content":{"rendered":"\t\t<div data-elementor-type=\"wp-page\" data-elementor-id=\"1891\" class=\"elementor elementor-1891\">\n\t\t\t\t\t\t<section class=\"elementor-section elementor-top-section elementor-element elementor-element-377301d elementor-section-boxed elementor-section-height-default elementor-section-height-default\" data-id=\"377301d\" data-element_type=\"section\" data-settings=\"{&quot;background_background&quot;:&quot;classic&quot;}\">\n\t\t\t\t\t\t\t<div class=\"elementor-background-overlay\"><\/div>\n\t\t\t\t\t\t\t<div class=\"elementor-container elementor-column-gap-default\">\n\t\t\t\t\t<div class=\"elementor-column elementor-col-100 elementor-top-column elementor-element elementor-element-1e33cec\" data-id=\"1e33cec\" data-element_type=\"column\">\n\t\t\t<div class=\"elementor-widget-wrap elementor-element-populated\">\n\t\t\t\t\t\t<div class=\"elementor-element elementor-element-326fc9f elementor-widget elementor-widget-heading\" data-id=\"326fc9f\" data-element_type=\"widget\" data-widget_type=\"heading.default\">\n\t\t\t\t<div class=\"elementor-widget-container\">\n\t\t\t<style>\/*! elementor - v3.20.0 - 20-03-2024 *\/\n.elementor-heading-title{padding:0;margin:0;line-height:1}.elementor-widget-heading .elementor-heading-title[class*=elementor-size-]>a{color:inherit;font-size:inherit;line-height:inherit}.elementor-widget-heading .elementor-heading-title.elementor-size-small{font-size:15px}.elementor-widget-heading .elementor-heading-title.elementor-size-medium{font-size:19px}.elementor-widget-heading .elementor-heading-title.elementor-size-large{font-size:29px}.elementor-widget-heading .elementor-heading-title.elementor-size-xl{font-size:39px}.elementor-widget-heading .elementor-heading-title.elementor-size-xxl{font-size:59px}<\/style><h1 class=\"elementor-heading-title elementor-size-default\">Clients<\/h1>\t\t<\/div>\n\t\t\t\t<\/div>\n\t\t\t\t\t<\/div>\n\t\t<\/div>\n\t\t\t\t\t<\/div>\n\t\t<\/section>\n\t\t\t\t<section class=\"elementor-section elementor-top-section elementor-element elementor-element-48de0da elementor-section-boxed elementor-section-height-default elementor-section-height-default\" data-id=\"48de0da\" data-element_type=\"section\" data-settings=\"{&quot;background_background&quot;:&quot;gradient&quot;}\">\n\t\t\t\t\t\t<div class=\"elementor-container elementor-column-gap-default\">\n\t\t\t\t\t<div class=\"elementor-column elementor-col-100 elementor-top-column elementor-element elementor-element-591cdc0\" data-id=\"591cdc0\" data-element_type=\"column\">\n\t\t\t<div class=\"elementor-widget-wrap elementor-element-populated\">\n\t\t\t\t\t\t<div class=\"elementor-element elementor-element-e6498b6 elementor-widget elementor-widget-heading\" data-id=\"e6498b6\" data-element_type=\"widget\" data-widget_type=\"heading.default\">\n\t\t\t\t<div class=\"elementor-widget-container\">\n\t\t\t<h2 class=\"elementor-heading-title elementor-size-default\">Current clients<\/h2>\t\t<\/div>\n\t\t\t\t<\/div>\n\t\t\t\t<div class=\"elementor-element elementor-element-460b3c4 currentClients elementor-widget elementor-widget-shortcode\" data-id=\"460b3c4\" data-element_type=\"widget\" data-widget_type=\"shortcode.default\">\n\t\t\t\t<div class=\"elementor-widget-container\">\n\t\t\t\t\t<div class=\"elementor-shortcode\"><div class=\"cc_pagination row\">            <div class=\"col-md-3\">\n            \t<div class=\"main_col\">\n\t                <img decoding=\"async\" src=\"https:\/\/lokalco.se\/wp-content\/uploads\/2023\/07\/Yoump-Lokalco.png\">\n\t               \t<div class=\"cc_content\"><strong>What: <\/strong>Trampoline park<\/div>\r\n<div class=\"cc_content\"><strong>Type of premise: <\/strong>Retail \/ Warehouse<\/div>\r\n<div class=\"cc_content\"><strong>Size: <\/strong>2 000 - 3 000 m2, at least 7m free ceiling height<\/div>\r\n<div class=\"cc_content\"><strong>Searching in: <\/strong>Gothenburg and Uppsala<\/div>               <\/div>\n            <\/div>\n            \n                    <div class=\"col-md-3\">\n            \t<div class=\"main_col\">\n\t                <img decoding=\"async\" src=\"https:\/\/lokalco.se\/wp-content\/uploads\/2023\/07\/VaccinDirekt-Lokalco.png\">\n\t               \t<div class=\"cc_content\"><strong>What: <\/strong>Vaccination clinic<\/div>\r\n<div class=\"cc_content\"><strong>Type of premise: <\/strong>Retail \/ Pop-up<\/div>\r\n<div class=\"cc_content\"><strong>Size: <\/strong>50 - 150 m2<\/div>\r\n<div class=\"cc_content\"><strong>Searching in: <\/strong>All of Sweden; shopping malls, retail parks and city centres<\/div>               <\/div>\n            <\/div>\n            \n                    <div class=\"col-md-3\">\n            \t<div class=\"main_col\">\n\t                <img decoding=\"async\" src=\"https:\/\/lokalco.se\/wp-content\/uploads\/2023\/07\/Toveks-Bil-Lokalco.png\">\n\t               \t<div class=\"cc_content\"><strong>What: <\/strong>Car dealer<\/div>\r\n<div class=\"cc_content\"><strong>Type of premise: <\/strong>Combined \/ Warehouse \/ Showroom<\/div>\r\n<div class=\"cc_content\"><strong>Size: <\/strong>1 500 m2<\/div>\r\n<div class=\"cc_content\"><strong>Searching in: <\/strong>Uddevalla and Trollh\u00e4ttan<\/div>               <\/div>\n            <\/div>\n            \n                    <div class=\"col-md-3\">\n            \t<div class=\"main_col\">\n\t                <img decoding=\"async\" src=\"https:\/\/lokalco.se\/wp-content\/uploads\/2023\/07\/SENG-Lokalco.png\">\n\t               \t<div class=\"cc_content\"><strong>What: <\/strong>Bed retail chain<\/div>\r\n<div class=\"cc_content\"><strong>Type of premise: <\/strong>Retail<\/div>\r\n<div class=\"cc_content\"><strong>Size: <\/strong>450 - 600 m2<\/div>\r\n<div class=\"cc_content\"><strong>Searching in: <\/strong>Retail parks<\/div>               <\/div>\n            <\/div>\n            \n                    <div class=\"col-md-3\">\n            \t<div class=\"main_col\">\n\t                <img decoding=\"async\" src=\"https:\/\/lokalco.se\/wp-content\/uploads\/2023\/07\/Pizza-Hut-Lokalco.png\">\n\t               \t<div class=\"cc_content\"><strong>What: <\/strong>Restaurant chain<\/div>\r\n<div class=\"cc_content\"><strong>Type of premise: <\/strong>Restaurant \/ Caf\u00e9<\/div>\r\n<div class=\"cc_content\"><strong>Size: <\/strong>90 - 150 m2<\/div>\r\n<div class=\"cc_content\"><strong>Searching in: <\/strong>Gothenburg, Link\u00f6ping, Uppsala and Malm\u00f6<\/div>               <\/div>\n            <\/div>\n            \n                    <div class=\"col-md-3\">\n            \t<div class=\"main_col\">\n\t                <img decoding=\"async\" src=\"https:\/\/lokalco.se\/wp-content\/uploads\/2023\/07\/Normal-Lokalco.png\">\n\t               \t<div class=\"cc_content\"><strong>What: <\/strong>Retail chain<\/div>\r\n<div class=\"cc_content\"><strong>Type of premise: <\/strong>Retail<\/div>\r\n<div class=\"cc_content\"><strong>Size: <\/strong>500 - 700 m2<\/div>\r\n<div class=\"cc_content\"><strong>Searching in: <\/strong>All of Sweden<\/div>               <\/div>\n            <\/div>\n            \n                    <div class=\"col-md-3\">\n            \t<div class=\"main_col\">\n\t                <img decoding=\"async\" src=\"https:\/\/lokalco.se\/wp-content\/uploads\/2023\/07\/Nordic-Wellness-Lokalco.png\">\n\t               \t<div class=\"cc_content\"><strong>What: <\/strong>Gym chain<\/div>\r\n<div class=\"cc_content\"><strong>Type of premise: <\/strong>Gym<\/div>\r\n<div class=\"cc_content\"><strong>Size: <\/strong>600 - 1 500 m2<\/div>\r\n<div class=\"cc_content\"><strong>Searching in: <\/strong>Malm\u00f6, Ume\u00e5, Solna, Stockholm, \u00c4ngelholm and Alings\u00e5s<\/div>               <\/div>\n            <\/div>\n            \n                    <div class=\"col-md-3\">\n            \t<div class=\"main_col\">\n\t                <img decoding=\"async\" src=\"https:\/\/lokalco.se\/wp-content\/uploads\/2023\/07\/NIO-Lokalco.png\">\n\t               \t<div class=\"cc_content\"><strong>What: <\/strong>Electric vehicle manufacturer<\/div>\r\n<div class=\"cc_content\"><strong>Type of premise: <\/strong>Place for their Battery Swap Station<\/div>\r\n<div class=\"cc_content\"><strong>Size: <\/strong>65 - 75 m2 (leasehold)<\/div>\r\n<div class=\"cc_content\"><strong>Searching in: <\/strong>And by retail park in all of Sweden<\/div>               <\/div>\n            <\/div>\n            \n                    <div class=\"col-md-3\">\n            \t<div class=\"main_col\">\n\t                <img decoding=\"async\" src=\"https:\/\/lokalco.se\/wp-content\/uploads\/2023\/07\/logga-lemon-garden-Lokalco.png\">\n\t               \t<div class=\"cc_content\"><strong>What: <\/strong>Crep\u00e9s and waffle caf\u00e9<\/div>\r\n<div class=\"cc_content\"><strong>Type of premise: <\/strong>Restaurant \/ Caf\u00e9 \/ Retail<\/div>\r\n<div class=\"cc_content\"><strong>Size: <\/strong>150 - 500 m2<\/div>\r\n<div class=\"cc_content\"><strong>Searching in: <\/strong>All of Sweden<\/div>               <\/div>\n            <\/div>\n            \n                    <div class=\"col-md-3\">\n            \t<div class=\"main_col\">\n\t                <img decoding=\"async\" src=\"https:\/\/lokalco.se\/wp-content\/uploads\/2023\/07\/LIDL-Lokalco.png\">\n\t               \t<div class=\"cc_content\"><strong>What: <\/strong>Grocery stores chain<\/div>\r\n<div class=\"cc_content\"><strong>Type of premise: <\/strong>Retail<\/div>\r\n<div class=\"cc_content\"><strong>Size: <\/strong>2 000 - 2 500 m2<\/div>\r\n<div class=\"cc_content\"><strong>Searching in: <\/strong>Varberg, Gothenburg, Kung\u00e4lv, Stenungssund, Str\u00f6mstad and Stockholm<\/div>               <\/div>\n            <\/div>\n            \n                    <div class=\"col-md-3\">\n            \t<div class=\"main_col\">\n\t                <img decoding=\"async\" src=\"https:\/\/lokalco.se\/wp-content\/uploads\/2023\/07\/Klang-Market-Lokalco.png\">\n\t               \t<div class=\"cc_content\"><strong>What: <\/strong>Restaurant<\/div>\r\n<div class=\"cc_content\"><strong>Type of premise: <\/strong>Restaurant \/ Caf\u00e9<\/div>\r\n<div class=\"cc_content\"><strong>Size: <\/strong>400 - 500 m2<\/div>\r\n<div class=\"cc_content\"><strong>Searching in: <\/strong>Karlstad, J\u00f6nk\u00f6ping, \u00d6rebro and Link\u00f6ping<\/div>               <\/div>\n            <\/div>\n            \n                    <div class=\"col-md-3\">\n            \t<div class=\"main_col\">\n\t                <img decoding=\"async\" src=\"https:\/\/lokalco.se\/wp-content\/uploads\/2023\/07\/Jump-Yard-Lokalco.png\">\n\t               \t<div class=\"cc_content\"><strong>What: <\/strong>Trampoline park<\/div>\r\n<div class=\"cc_content\"><strong>Type of premise: <\/strong>Retail \/ Warehouse<\/div>\r\n<div class=\"cc_content\"><strong>Size: <\/strong>2 000 - 4 000 m2, at least 7m free ceiling height<\/div>\r\n<div class=\"cc_content\"><strong>Searching in: <\/strong>All of Sweden<\/div>               <\/div>\n            <\/div>\n            \n        <div class=\"pagination_main\"><div class=\"pagination\"><span aria-current=\"page\" class=\"page-numbers current\">1<\/span>\n<a class=\"page-numbers\" href=\"https:\/\/lokalco.se\/en\/wp-json\/wp\/v2\/pages\/1891\/page\/2\">2<\/a>\n<a class=\"next page-numbers\" href=\"https:\/\/lokalco.se\/en\/wp-json\/wp\/v2\/pages\/1891\/page\/2\">&raquo;<\/a><\/div><\/div><\/div><\/div>\n\t\t\t\t<\/div>\n\t\t\t\t<\/div>\n\t\t\t\t\t<\/div>\n\t\t<\/div>\n\t\t\t\t\t<\/div>\n\t\t<\/section>\n\t\t\t\t<section class=\"elementor-section elementor-top-section elementor-element elementor-element-4fea456 elementor-hidden-widescreen elementor-hidden-desktop elementor-hidden-tablet elementor-hidden-mobile elementor-section-boxed elementor-section-height-default elementor-section-height-default\" data-id=\"4fea456\" data-element_type=\"section\" id=\"references\" data-settings=\"{&quot;background_background&quot;:&quot;gradient&quot;}\">\n\t\t\t\t\t\t<div class=\"elementor-container elementor-column-gap-default\">\n\t\t\t\t\t<div class=\"elementor-column elementor-col-100 elementor-top-column elementor-element elementor-element-625a30a\" data-id=\"625a30a\" data-element_type=\"column\">\n\t\t\t<div class=\"elementor-widget-wrap elementor-element-populated\">\n\t\t\t\t\t\t<div class=\"elementor-element elementor-element-1a0a746 elementor-widget elementor-widget-heading\" data-id=\"1a0a746\" data-element_type=\"widget\" data-widget_type=\"heading.default\">\n\t\t\t\t<div class=\"elementor-widget-container\">\n\t\t\t<h2 class=\"elementor-heading-title elementor-size-default\">References<\/h2>\t\t<\/div>\n\t\t\t\t<\/div>\n\t\t\t\t<div class=\"elementor-element elementor-element-2afe199 sale_properties elementor-widget elementor-widget-shortcode\" data-id=\"2afe199\" data-element_type=\"widget\" data-widget_type=\"shortcode.default\">\n\t\t\t\t<div class=\"elementor-widget-container\">\n\t\t\t\t\t<div class=\"elementor-shortcode\"><\/div>\n\t\t\t\t<\/div>\n\t\t\t\t<\/div>\n\t\t\t\t\t<\/div>\n\t\t<\/div>\n\t\t\t\t\t<\/div>\n\t\t<\/section>\n\t\t\t\t<\/div>\n\t\t","protected":false},"excerpt":{"rendered":"<p>Clients Current clients References<\/p>\n","protected":false},"author":1,"featured_media":0,"parent":0,"menu_order":0,"comment_status":"closed","ping_status":"closed","template":"","meta":{"footnotes":""},"class_list":["post-1891","page","type-page","status-publish","hentry"],"yoast_head":"<!-- This site is optimized with the Yoast SEO plugin v22.3 - https:\/\/yoast.com\/wordpress\/plugins\/seo\/ -->\n<title>Clients - Lokal &amp; Co<\/title>\n<meta name=\"robots\" content=\"index, follow, max-snippet:-1, max-image-preview:large, max-video-preview:-1\" \/>\n<link rel=\"canonical\" href=\"https:\/\/lokalco.se\/en\/current_clients\/\" \/>\n<meta property=\"og:locale\" content=\"en_US\" \/>\n<meta property=\"og:type\" content=\"article\" \/>\n<meta property=\"og:title\" content=\"Clients - Lokal &amp; Co\" \/>\n<meta property=\"og:description\" content=\"Clients Current clients References\" \/>\n<meta property=\"og:url\" content=\"https:\/\/lokalco.se\/en\/current_clients\/\" \/>\n<meta property=\"og:site_name\" content=\"Lokal &amp; Co\" \/>\n<meta property=\"article:modified_time\" content=\"2023-10-02T21:40:15+00:00\" \/>\n<meta name=\"twitter:card\" content=\"summary_large_image\" \/>\n<meta name=\"twitter:label1\" content=\"Est. reading time\" \/>\n\t<meta name=\"twitter:data1\" content=\"3 minutes\" \/>\n<script type=\"application\/ld+json\" class=\"yoast-schema-graph\">{\"@context\":\"https:\/\/schema.org\",\"@graph\":[{\"@type\":\"WebPage\",\"@id\":\"https:\/\/lokalco.se\/en\/current_clients\/\",\"url\":\"https:\/\/lokalco.se\/en\/current_clients\/\",\"name\":\"Clients - Lokal &amp; Co\",\"isPartOf\":{\"@id\":\"https:\/\/lokalco.se\/#website\"},\"datePublished\":\"2023-06-08T09:42:21+00:00\",\"dateModified\":\"2023-10-02T21:40:15+00:00\",\"breadcrumb\":{\"@id\":\"https:\/\/lokalco.se\/en\/current_clients\/#breadcrumb\"},\"inLanguage\":\"en-US\",\"potentialAction\":[{\"@type\":\"ReadAction\",\"target\":[\"https:\/\/lokalco.se\/en\/current_clients\/\"]}]},{\"@type\":\"BreadcrumbList\",\"@id\":\"https:\/\/lokalco.se\/en\/current_clients\/#breadcrumb\",\"itemListElement\":[{\"@type\":\"ListItem\",\"position\":1,\"name\":\"Home\",\"item\":\"https:\/\/lokalco.se\/\"},{\"@type\":\"ListItem\",\"position\":2,\"name\":\"Clients\"}]},{\"@type\":\"WebSite\",\"@id\":\"https:\/\/lokalco.se\/#website\",\"url\":\"https:\/\/lokalco.se\/\",\"name\":\"Lokal &amp; Co\",\"description\":\"\",\"publisher\":{\"@id\":\"https:\/\/lokalco.se\/#organization\"},\"potentialAction\":[{\"@type\":\"SearchAction\",\"target\":{\"@type\":\"EntryPoint\",\"urlTemplate\":\"https:\/\/lokalco.se\/?s={search_term_string}\"},\"query-input\":\"required name=search_term_string\"}],\"inLanguage\":\"en-US\"},{\"@type\":\"Organization\",\"@id\":\"https:\/\/lokalco.se\/#organization\",\"name\":\"Lokal &amp; Co\",\"url\":\"https:\/\/lokalco.se\/\",\"logo\":{\"@type\":\"ImageObject\",\"inLanguage\":\"en-US\",\"@id\":\"https:\/\/lokalco.se\/#\/schema\/logo\/image\/\",\"url\":\"https:\/\/lokalco.se\/wp-content\/uploads\/2023\/04\/lokal_logo.png\",\"contentUrl\":\"https:\/\/lokalco.se\/wp-content\/uploads\/2023\/04\/lokal_logo.png\",\"width\":477,\"height\":291,\"caption\":\"Lokal &amp; Co\"},\"image\":{\"@id\":\"https:\/\/lokalco.se\/#\/schema\/logo\/image\/\"}}]}<\/script>\n<!-- \/ Yoast SEO plugin. -->","yoast_head_json":{"title":"Clients - Lokal &amp; Co","robots":{"index":"index","follow":"follow","max-snippet":"max-snippet:-1","max-image-preview":"max-image-preview:large","max-video-preview":"max-video-preview:-1"},"canonical":"https:\/\/lokalco.se\/en\/current_clients\/","og_locale":"en_US","og_type":"article","og_title":"Clients - Lokal &amp; Co","og_description":"Clients Current clients References","og_url":"https:\/\/lokalco.se\/en\/current_clients\/","og_site_name":"Lokal &amp; Co","article_modified_time":"2023-10-02T21:40:15+00:00","twitter_card":"summary_large_image","twitter_misc":{"Est. reading time":"3 minutes"},"schema":{"@context":"https:\/\/schema.org","@graph":[{"@type":"WebPage","@id":"https:\/\/lokalco.se\/en\/current_clients\/","url":"https:\/\/lokalco.se\/en\/current_clients\/","name":"Clients - Lokal &amp; Co","isPartOf":{"@id":"https:\/\/lokalco.se\/#website"},"datePublished":"2023-06-08T09:42:21+00:00","dateModified":"2023-10-02T21:40:15+00:00","breadcrumb":{"@id":"https:\/\/lokalco.se\/en\/current_clients\/#breadcrumb"},"inLanguage":"en-US","potentialAction":[{"@type":"ReadAction","target":["https:\/\/lokalco.se\/en\/current_clients\/"]}]},{"@type":"BreadcrumbList","@id":"https:\/\/lokalco.se\/en\/current_clients\/#breadcrumb","itemListElement":[{"@type":"ListItem","position":1,"name":"Home","item":"https:\/\/lokalco.se\/"},{"@type":"ListItem","position":2,"name":"Clients"}]},{"@type":"WebSite","@id":"https:\/\/lokalco.se\/#website","url":"https:\/\/lokalco.se\/","name":"Lokal &amp; Co","description":"","publisher":{"@id":"https:\/\/lokalco.se\/#organization"},"potentialAction":[{"@type":"SearchAction","target":{"@type":"EntryPoint","urlTemplate":"https:\/\/lokalco.se\/?s={search_term_string}"},"query-input":"required name=search_term_string"}],"inLanguage":"en-US"},{"@type":"Organization","@id":"https:\/\/lokalco.se\/#organization","name":"Lokal &amp; Co","url":"https:\/\/lokalco.se\/","logo":{"@type":"ImageObject","inLanguage":"en-US","@id":"https:\/\/lokalco.se\/#\/schema\/logo\/image\/","url":"https:\/\/lokalco.se\/wp-content\/uploads\/2023\/04\/lokal_logo.png","contentUrl":"https:\/\/lokalco.se\/wp-content\/uploads\/2023\/04\/lokal_logo.png","width":477,"height":291,"caption":"Lokal &amp; Co"},"image":{"@id":"https:\/\/lokalco.se\/#\/schema\/logo\/image\/"}}]}},"_links":{"self":[{"href":"https:\/\/lokalco.se\/en\/wp-json\/wp\/v2\/pages\/1891","targetHints":{"allow":["GET"]}}],"collection":[{"href":"https:\/\/lokalco.se\/en\/wp-json\/wp\/v2\/pages"}],"about":[{"href":"https:\/\/lokalco.se\/en\/wp-json\/wp\/v2\/types\/page"}],"author":[{"embeddable":true,"href":"https:\/\/lokalco.se\/en\/wp-json\/wp\/v2\/users\/1"}],"replies":[{"embeddable":true,"href":"https:\/\/lokalco.se\/en\/wp-json\/wp\/v2\/comments?post=1891"}],"version-history":[{"count":169,"href":"https:\/\/lokalco.se\/en\/wp-json\/wp\/v2\/pages\/1891\/revisions"}],"predecessor-version":[{"id":5365,"href":"https:\/\/lokalco.se\/en\/wp-json\/wp\/v2\/pages\/1891\/revisions\/5365"}],"wp:attachment":[{"href":"https:\/\/lokalco.se\/en\/wp-json\/wp\/v2\/media?parent=1891"}],"curies":[{"name":"wp","href":"https:\/\/api.w.org\/{rel}","templated":true}]}}